{"id":1016,"date":"2025-09-21T18:12:57","date_gmt":"2025-09-21T18:12:57","guid":{"rendered":"https:\/\/sylviabratzik.de\/?page_id=1016"},"modified":"2026-02-27T10:28:37","modified_gmt":"2026-02-27T10:28:37","slug":"filme","status":"publish","type":"page","link":"https:\/\/sylviabratzik.de\/index.php\/filme\/","title":{"rendered":"Filme"},"content":{"rendered":"\n<p>Im September 2025 zeigte ich im Rahmen der Kunstpunkte meinen ersten Kurzfilm &#8220;tatu\u015b (Papi)&#8221; \u00fcber meinen Vater und meinen Versuch ihn durch den Film n\u00e4her zu kommen.<\/p>\n\n\n\n<div style=\"padding:75% 0 0 0;position:relative;\"><iframe src=\"https:\/\/player.vimeo.com\/video\/1120624957?badge=0&amp;autopause=0&amp;player_id=0&amp;app_id=58479\" frameborder=\"0\" allow=\"autoplay; fullscreen; picture-in-picture; clipboard-write; encrypted-media; web-share\" referrerpolicy=\"strict-origin-when-cross-origin\" style=\"position:absolute;top:0;left:0;width:100%;height:100%;\" title=\"Film_Papa\"><\/iframe><\/div><script src=\"https:\/\/player.vimeo.com\/api\/player.js\"><\/script>\n\n\n\n<p>In den Jahren 2006-2007 war ich auch Mitglied von <a href=\"https:\/\/www.youtube.com\/@OASEMagazin\/videos?view=0&amp;sort=dd&amp;shelf_id=3\" data-type=\"link\" data-id=\"https:\/\/www.youtube.com\/@OASEMagazin\/videos?view=0&amp;sort=dd&amp;shelf_id=3\">OASE Magazin TV<\/a>, einer Initiative von Studierenden der Heinrich-Heine-Universit\u00e4t als Gegenpol zur AStA-Zeitung. Wir hatten sogar auch eine Zeitschrift OASE Magazin f\u00fcr die ich Artikel geschrieben habe.<\/p>\n","protected":false},"excerpt":{"rendered":"<p>Im September 2025 zeigte ich im Rahmen der Kunstpunkte meinen ersten Kurzfilm &#8220;tatu\u015b (Papi)&#8221; \u00fcber meinen Vater und meinen Versuch ihn durch den Film n\u00e4her zu kommen. In den Jahren 2006-2007 war ich auch Mitglied von OASE Magazin TV, einer Initiative von Studierenden der Heinrich-Heine-Universit\u00e4t als Gegenpol zur AStA-Zeitung. Wir hatten sogar auch eine Zeitschrift [&hellip;]<\/p>\n","protected":false},"author":1,"featured_media":0,"parent":0,"menu_order":0,"comment_status":"closed","ping_status":"closed","template":"","meta":{"footnotes":""},"class_list":["post-1016","page","type-page","status-publish","hentry"],"_links":{"self":[{"href":"https:\/\/sylviabratzik.de\/index.php\/wp-json\/wp\/v2\/pages\/1016","targetHints":{"allow":["GET"]}}],"collection":[{"href":"https:\/\/sylviabratzik.de\/index.php\/wp-json\/wp\/v2\/pages"}],"about":[{"href":"https:\/\/sylviabratzik.de\/index.php\/wp-json\/wp\/v2\/types\/page"}],"author":[{"embeddable":true,"href":"https:\/\/sylviabratzik.de\/index.php\/wp-json\/wp\/v2\/users\/1"}],"replies":[{"embeddable":true,"href":"https:\/\/sylviabratzik.de\/index.php\/wp-json\/wp\/v2\/comments?post=1016"}],"version-history":[{"count":6,"href":"https:\/\/sylviabratzik.de\/index.php\/wp-json\/wp\/v2\/pages\/1016\/revisions"}],"predecessor-version":[{"id":1368,"href":"https:\/\/sylviabratzik.de\/index.php\/wp-json\/wp\/v2\/pages\/1016\/revisions\/1368"}],"wp:attachment":[{"href":"https:\/\/sylviabratzik.de\/index.php\/wp-json\/wp\/v2\/media?parent=1016"}],"curies":[{"name":"wp","href":"https:\/\/api.w.org\/{rel}","templated":true}]}}