{"id":1328,"date":"2026-02-13T19:52:00","date_gmt":"2026-02-13T19:52:00","guid":{"rendered":"https:\/\/sylviabratzik.de\/?page_id=1328"},"modified":"2026-02-16T13:36:46","modified_gmt":"2026-02-16T13:36:46","slug":"presse","status":"publish","type":"page","link":"https:\/\/sylviabratzik.de\/index.php\/presse\/","title":{"rendered":"Presse"},"content":{"rendered":"\n<p>2026<\/p>\n\n\n\n<p>Anl\u00e4sslich der Ausstellung von Claudia Clement und meiner Performance im FzKKE Euskirchen ist in der <a href=\"https:\/\/www.rundschau-online.de\/region\/euskirchen-eifel\/kreis-euskirchen\/werke-von-claudia-clement-werden-beim-fzkke-ausgestellt-1202986\" data-type=\"link\" data-id=\"https:\/\/www.rundschau-online.de\/region\/euskirchen-eifel\/kreis-euskirchen\/werke-von-claudia-clement-werden-beim-fzkke-ausgestellt-1202986\">K\u00f6lnischen Rundschau<\/a> ein Artikel erschienen:<\/p>\n\n\n\n<figure class=\"wp-block-gallery has-nested-images columns-default is-cropped wp-block-gallery-1 is-layout-flex wp-block-gallery-is-layout-flex\">\n<figure class=\"wp-block-image size-large\"><img loading=\"lazy\" decoding=\"async\" width=\"1024\" height=\"768\" data-id=\"1349\" src=\"https:\/\/sylviabratzik.de\/wp-content\/uploads\/2026\/02\/20260130_Kolnische_Rundschau_FzKKE-1024x768.jpeg\" alt=\"\" class=\"wp-image-1349\" srcset=\"https:\/\/sylviabratzik.de\/wp-content\/uploads\/2026\/02\/20260130_Kolnische_Rundschau_FzKKE-1024x768.jpeg 1024w, https:\/\/sylviabratzik.de\/wp-content\/uploads\/2026\/02\/20260130_Kolnische_Rundschau_FzKKE-300x225.jpeg 300w, https:\/\/sylviabratzik.de\/wp-content\/uploads\/2026\/02\/20260130_Kolnische_Rundschau_FzKKE-768x576.jpeg 768w, https:\/\/sylviabratzik.de\/wp-content\/uploads\/2026\/02\/20260130_Kolnische_Rundschau_FzKKE-1536x1152.jpeg 1536w, https:\/\/sylviabratzik.de\/wp-content\/uploads\/2026\/02\/20260130_Kolnische_Rundschau_FzKKE.jpeg 2048w\" sizes=\"auto, (max-width: 1024px) 100vw, 1024px\" \/><\/figure>\n<\/figure>\n\n\n\n<p>Die Autorin Alexandra Wehrmann hat mich anl\u00e4sslich meines Winter-Aufenthaltes in Spanien ihrem Blog &#8220;<a href=\"https:\/\/www.theycallitkleinparis.de\/2025\/12\/18\/sylvia-bratzik-im-interview-ich-brauchte-einen-tapetenwechsel\/\" data-type=\"link\" data-id=\"https:\/\/www.theycallitkleinparis.de\/2025\/12\/18\/sylvia-bratzik-im-interview-ich-brauchte-einen-tapetenwechsel\/\">theycallitkleinparis<\/a>&#8221; interviewt. Dieses Interview ist auch in der <a href=\"https:\/\/rp-online.de\/nrw\/staedte\/duesseldorf\/duesseldorf-ueberwintern-in-spanien_aid-141016325\" data-type=\"link\" data-id=\"https:\/\/rp-online.de\/nrw\/staedte\/duesseldorf\/duesseldorf-ueberwintern-in-spanien_aid-141016325\">Rheinischen Post <\/a>erschienen:<\/p>\n\n\n\n<figure class=\"wp-block-gallery has-nested-images columns-default is-cropped wp-block-gallery-2 is-layout-flex wp-block-gallery-is-layout-flex\">\n<figure class=\"wp-block-image size-large\"><img loading=\"lazy\" decoding=\"async\" width=\"775\" height=\"1024\" data-id=\"1347\" src=\"https:\/\/sylviabratzik.de\/wp-content\/uploads\/2026\/02\/RP_20260108_Ist_so_kalt_der_Winter-775x1024.jpeg\" alt=\"\" class=\"wp-image-1347\" srcset=\"https:\/\/sylviabratzik.de\/wp-content\/uploads\/2026\/02\/RP_20260108_Ist_so_kalt_der_Winter-775x1024.jpeg 775w, https:\/\/sylviabratzik.de\/wp-content\/uploads\/2026\/02\/RP_20260108_Ist_so_kalt_der_Winter-227x300.jpeg 227w, https:\/\/sylviabratzik.de\/wp-content\/uploads\/2026\/02\/RP_20260108_Ist_so_kalt_der_Winter-768x1015.jpeg 768w, https:\/\/sylviabratzik.de\/wp-content\/uploads\/2026\/02\/RP_20260108_Ist_so_kalt_der_Winter-1163x1536.jpeg 1163w, https:\/\/sylviabratzik.de\/wp-content\/uploads\/2026\/02\/RP_20260108_Ist_so_kalt_der_Winter.jpeg 1550w\" sizes=\"auto, (max-width: 775px) 100vw, 775px\" \/><\/figure>\n<\/figure>\n\n\n\n<p>2025<\/p>\n\n\n\n<p>Podcast Zines.fm #<a href=\"https:\/\/zines.cool\/2025\/06\/01\/08-ueber-zines-und-leidenschaften-mit-sylvia-bratzik-zines-fm\/\" data-type=\"link\" data-id=\"https:\/\/zines.cool\/2025\/06\/01\/08-ueber-zines-und-leidenschaften-mit-sylvia-bratzik-zines-fm\/\">08 \u00dcber Zines und Leidenschaften mit Sylvia Bratzik<\/a><\/p>\n\n\n\n<p>Podcast Zines.fm <a href=\"https:\/\/zines.cool\/2025\/06\/15\/09-zine-screen-vol-03-zines-fm\/\" data-type=\"link\" data-id=\"https:\/\/zines.cool\/2025\/06\/15\/09-zine-screen-vol-03-zines-fm\/\">#09 Zine Screen Vol.03<\/a>: Besprechung meines Familiengeschichten-Zines und eines Zines \u00fcber Zeit<\/p>\n\n\n\n<p><a href=\"https:\/\/youtu.be\/wFpytRcAxKc\" data-type=\"link\" data-id=\"https:\/\/youtu.be\/wFpytRcAxKc\">Deep-Talk auf YouTube<\/a> mit Julian Kenk von Tour de Kenk<\/p>\n\n\n\n<p>2024<\/p>\n\n\n\n<p>In der <a href=\"https:\/\/www.zeit.de\/2025\/01\/schoene-dinge-alltag-familie-freundschaft-leben\" data-type=\"link\" data-id=\"https:\/\/www.zeit.de\/2025\/01\/schoene-dinge-alltag-familie-freundschaft-leben\">ZEIT<\/a> ist in der Rubrik \u201eWas das Leben sch\u00f6ner macht\u201c eine Geschichte von mir erschienen.<\/p>\n\n\n\n<figure class=\"wp-block-image size-large\"><img loading=\"lazy\" decoding=\"async\" width=\"1024\" height=\"930\" src=\"https:\/\/sylviabratzik.de\/wp-content\/uploads\/2026\/02\/IMG_5394-1-1024x930.jpeg\" alt=\"\" class=\"wp-image-1359\" srcset=\"https:\/\/sylviabratzik.de\/wp-content\/uploads\/2026\/02\/IMG_5394-1-1024x930.jpeg 1024w, https:\/\/sylviabratzik.de\/wp-content\/uploads\/2026\/02\/IMG_5394-1-300x272.jpeg 300w, https:\/\/sylviabratzik.de\/wp-content\/uploads\/2026\/02\/IMG_5394-1-768x697.jpeg 768w, https:\/\/sylviabratzik.de\/wp-content\/uploads\/2026\/02\/IMG_5394-1-1536x1394.jpeg 1536w, https:\/\/sylviabratzik.de\/wp-content\/uploads\/2026\/02\/IMG_5394-1-2048x1859.jpeg 2048w\" sizes=\"auto, (max-width: 1024px) 100vw, 1024px\" \/><\/figure>\n","protected":false},"excerpt":{"rendered":"<p>2026 Anl\u00e4sslich der Ausstellung von Claudia Clement und meiner Performance im FzKKE Euskirchen ist in der K\u00f6lnischen Rundschau ein Artikel erschienen: Die Autorin Alexandra Wehrmann hat mich anl\u00e4sslich meines Winter-Aufenthaltes in Spanien ihrem Blog &#8220;theycallitkleinparis&#8221; interviewt. Dieses Interview ist auch in der Rheinischen Post erschienen: 2025 Podcast Zines.fm #08 \u00dcber Zines und Leidenschaften mit Sylvia [&hellip;]<\/p>\n","protected":false},"author":1,"featured_media":0,"parent":0,"menu_order":0,"comment_status":"closed","ping_status":"closed","template":"","meta":{"footnotes":""},"class_list":["post-1328","page","type-page","status-publish","hentry"],"_links":{"self":[{"href":"https:\/\/sylviabratzik.de\/index.php\/wp-json\/wp\/v2\/pages\/1328","targetHints":{"allow":["GET"]}}],"collection":[{"href":"https:\/\/sylviabratzik.de\/index.php\/wp-json\/wp\/v2\/pages"}],"about":[{"href":"https:\/\/sylviabratzik.de\/index.php\/wp-json\/wp\/v2\/types\/page"}],"author":[{"embeddable":true,"href":"https:\/\/sylviabratzik.de\/index.php\/wp-json\/wp\/v2\/users\/1"}],"replies":[{"embeddable":true,"href":"https:\/\/sylviabratzik.de\/index.php\/wp-json\/wp\/v2\/comments?post=1328"}],"version-history":[{"count":8,"href":"https:\/\/sylviabratzik.de\/index.php\/wp-json\/wp\/v2\/pages\/1328\/revisions"}],"predecessor-version":[{"id":1360,"href":"https:\/\/sylviabratzik.de\/index.php\/wp-json\/wp\/v2\/pages\/1328\/revisions\/1360"}],"wp:attachment":[{"href":"https:\/\/sylviabratzik.de\/index.php\/wp-json\/wp\/v2\/media?parent=1328"}],"curies":[{"name":"wp","href":"https:\/\/api.w.org\/{rel}","templated":true}]}}