{"id":137,"date":"2022-09-03T14:41:02","date_gmt":"2022-09-03T14:41:02","guid":{"rendered":"https:\/\/sylviabratzik.de\/?page_id=137"},"modified":"2026-03-08T12:21:48","modified_gmt":"2026-03-08T12:21:48","slug":"ausstellungen-preise","status":"publish","type":"page","link":"https:\/\/sylviabratzik.de\/index.php\/ausstellungen-preise\/","title":{"rendered":"Ausstellungen &#038; Preise"},"content":{"rendered":"\n<h4 class=\"wp-block-heading\">Ausstellungen, Performances und weitere Termine<\/h4>\n\n\n\n<h5 class=\"wp-block-heading\">2026<\/h5>\n\n\n\n<p>18.4.26: Ausstellung im Rahmen der Nacht der K\u00fcnste im Atelier \u201ekunst+tonic\u201c, Brunnenstr. 35, D\u00fcsseldorf<\/p>\n\n\n\n<p>11.4.26: <a href=\"https:\/\/www.instagram.com\/cph_zine_fest\/\" data-type=\"link\" data-id=\"https:\/\/www.instagram.com\/cph_zine_fest\/\">Cph Zine Fest<\/a>, Odense, D\u00e4nemark<\/p>\n\n\n\n<p>20.3.26: &#8220;Poetry on Demand&#8221;, <a href=\"https:\/\/fzkke.cabanova.com\" data-type=\"link\" data-id=\"https:\/\/fzkke.cabanova.com\">FzKKE e.V.<\/a>, K\u00f6lner Str.26, Euskirchen (im Rahmen der Finissage \u201eThe Silence of Thought\u201c von Claudia Clement)<\/p>\n\n\n\n<h5 class=\"wp-block-heading\">2025<\/h5>\n\n\n\n<p>12.-14.9.25: Ausstellung bei den Kunstpunkten, Atelier kunst+tonic, D\u00fcsseldorf.<\/p>\n\n\n\n<ul class=\"wp-block-list\">\n<li>13.9.25 15:00 &#8211; 17:00 Performance &#8220;Poetry On Demand&#8221;<\/li>\n\n\n\n<li>13.9.25 19:00 Lesung &#8220;Kolberg im Sommer 2024&#8221;<\/li>\n<\/ul>\n\n\n\n<p>6.9.25: Stand beim <a href=\"https:\/\/www.readymadebooks.de\/aktuell\/wrfocg9v8e9s1pnrqsqvvc6g3fxkh3\">Press It Festival<\/a>, Buchladen readymade, Bochum.<\/p>\n\n\n\n<p>23.-24.8.25: Stand und Vortrag bei der <a href=\"https:\/\/www.instagram.com\/p\/DKwx1TgtwFp\/?utm_source=ig_web_copy_link&amp;igsh=d3huaDlwdHhpaHdv\">Zinetopia<\/a> im <a href=\"https:\/\/hh-hamm.de\">Kulturladen Hamm<\/a>, Hamburg (krankheitsbedingt abgesagt ;( )<\/p>\n\n\n\n<p>21.-22.6.25: Stand auf der Bochumer Zineb\u00f6rse im Rahmen der BoPolis (Bobiennale)<\/p>\n\n\n\n<p>6.-16.6.25: Jubil\u00e4umsausstellung &#8220;5 Jahre kunst + tonic&#8221;, Graf39, Graf-Adolf-Str.39, D\u00fcsseldorf.<\/p>\n\n\n\n<p>25.-27.4.25: Nacht der Museen, Atelier <em><a href=\"http:\/\/www.kunstundtonic.de\">kunst+tonic<\/a><\/em>, D\u00fcsseldorf.<\/p>\n\n\n\n<p>11.-13.4.25: Gruppenausstellung &#8220;kunst &amp; tonic: Wundert\u00fcte, <a href=\"http:\/\/artartist.co\" data-type=\"link\" data-id=\"artartist.co\">ArtArtist<\/a>, D\u00fcsseldorf<\/p>\n\n\n\n<p>4.4.-8.4.25: Gruppenausstellung &#8220;Stimmen der Rebellion. With Love &amp; Rage&#8221;, <a href=\"https:\/\/kult41.de\" data-type=\"link\" data-id=\"https:\/\/kult41.de\">Kult41<\/a>, Bonn.<\/p>\n\n\n\n<h5 class=\"wp-block-heading\">2024<\/h5>\n\n\n\n<p>20.-22.9.24: Kunstpunkte, Atelier <em><a href=\"http:\/\/www.kunstundtonic.de\">kunst+tonic<\/a><\/em>, D\u00fcsseldorf.\n<\/p>\n\n\n\n<ul class=\"wp-block-list\">\n<li>20.9.24, 19:30 Uhr Performance &#8220;Pias. Poetische Dia-Interventionen&#8221;. <br><em>Die K\u00fcnstlerin Sylvia Bratzik zeigt angelehnt an den klassischen Dia-Vortrag Zeichnungen und liest dabei Gedicht vor, die von diesen inspiriert sind. <\/em><br><\/li>\n\n\n\n<li>21.9.24, 14:30-17:30 Uhr Performance &#8220;Poetry on Demand&#8221;. <br><em>Die K\u00fcnstlerin Sylvia Bratzik erstellt live und auf Zuruf der Besuchenden auf ihrer Schreibmaschine ein Gedicht. Die Zuh\u00f6renden sind eingeladen, den Entstehungsprozess hautnah mitzuerleben.<\/em><br><\/li>\n<\/ul>\n\n\n\n<p>4.-5.5.24: <a href=\"https:\/\/www.galeriemeile-gelsenkirchen.de\/\" data-type=\"link\" data-id=\"https:\/\/www.galeriemeile-gelsenkirchen.de\/\">T\u00fcr Auf<\/a>, Halfmannshof Gelsenkirchen. Ausstellung als <a href=\"http:\/\/www.rottzik.de\" data-type=\"URL\" data-id=\"www.rottzik.de\">rottzik<\/a> durch Einladung.<\/p>\n\n\n\n<p>26.-28.4.24: Nacht der Museen, Atelier Atelier <em><a href=\"http:\/\/www.kunstundtonic.de\">kunst+tonic<\/a><\/em>, D\u00fcsseldorf. Literarische Intervention sowie Ausstellung.<\/p>\n\n\n\n<p>12.4.-14.4.24: Gruppenausstellung &#8220;bewegt&#8221;, <a href=\"http:\/\/artartist.co\" data-type=\"link\" data-id=\"http:\/\/artartist.co\">ArtArtist<\/a>, Hansaallee 150, D\u00fcsseldorf<\/p>\n\n\n\n<h5 class=\"wp-block-heading has-text-align-left\">2023<\/h5>\n\n\n\n<p>17.11.23-16.2.24 &#8220;Positionen23&#8221; (als rottzik), Bauwagen der Demokratie, Bachstr.129, D\u00fcsseldorf.<\/p>\n\n\n\n<p>18.-20.8.23 Kunstpunkte im Atelier <em><a href=\"http:\/\/www.kunstundtonic.de\">kunst+tonic<\/a><\/em>, D\u00fcsseldorf.<\/p>\n\n\n\n<p>22.4.23 Nacht der Museen, Atelier Atelier <em><a href=\"http:\/\/www.kunstundtonic.de\">kunst+tonic<\/a><\/em>, D\u00fcsseldorf.<\/p>\n\n\n\n<p>3.2. &#8211; 17.3.23 &#8220;The state of the world&#8221;, Galerie im Kornhaus, Gm\u00fcnder Kunstverein, Schw\u00e4bisch Gm\u00fcnd.<\/p>\n\n\n\n<p>28.1.-28.2.23 Kunstraum K\u00f6 106 Ausstellung \u201eHallodri vs. Tunichtgut\u201c als <a href=\"http:\/\/www.rottzik.de\" data-type=\"URL\" data-id=\"www.rottzik.de\">rottzik<\/a> zusammen mit Karsten \u201eMalKarsten\u201c Breidenbroich und Darko Floreani. Zwei Live-Mal-Performances zu einem Auszug von Simone de Beauvoirs Buch \u201eDas andere Geschlecht\u201c und einem Kapitel zu Florence Nightingale aus \u201eDie Dinge. Eine Geschichte der Frauen in 100 Objekten\u201c von Annabelle Hirsch.<\/p>\n\n\n\n<p>2.2.-2.11.23 Veranstaltungsreihe &#8220;Wart&#8217; mal kurz&#8221; bei <a href=\"http:\/\/www.purenote.de\" data-type=\"URL\" data-id=\"www.purenote.de\">Pure Note<\/a>, Brunnenstr. 30, D\u00fcsseldorf. Eine Einladung zum Innehalten und Nachdenken. Mit Texten von Sylvia Bratzik. Das Publikum wird animiert, die Vortragende an jeder Stelle zu unterbrechen und eigene Gedanken einzustreuen. Ab Juli 23 zusammen mit Henning Konetzke. Termine und Themen:<\/p>\n\n\n\n<p class=\"has-text-align-center\">2. November 2023: <a href=\"https:\/\/www.instagram.com\/p\/CtpFD7mIfnQ\/?utm_source=ig_web_copy_link&amp;igsh=MzRlODBiNWFlZA==\">&#8220;Generation beleidigt: Macht uns political correctness sensibler oder aggressiver?&#8221;<\/a><\/p>\n\n\n\n<p class=\"has-text-align-center\">27. Oktober 2023: <a href=\"https:\/\/www.instagram.com\/p\/Cx-mivJt93f\/?utm_source=ig_web_copy_link\">&#8220;Die unendlichen Weiten der Popkultur&#8221;<\/a> (Sonderausgabe im Rahmen der Micro Pop Week)<\/p>\n\n\n\n<p class=\"has-text-align-center\">5. Oktober 2023: <a href=\"https:\/\/www.instagram.com\/p\/CtpFB06I1aY\/?utm_source=ig_web_copy_link&amp;igsh=MzRlODBiNWFlZA==\">&#8220;Ein bi\u00dfchen KI schadet nie&#8221;<\/a><\/p>\n\n\n\n<p class=\"has-text-align-center\">3. August 2023: <a href=\"https:\/\/www.instagram.com\/p\/CtpE3BXoLL9\/?utm_source=ig_web_copy_link&amp;igsh=MzRlODBiNWFlZA==\">&#8220;Alkohol zwischen Kulturgut und Volksdroge&#8221; <\/a><\/p>\n\n\n\n<p class=\"has-text-align-center\">6. Juli 2023: <a href=\"https:\/\/www.visitduesseldorf.de\/event\/wart-mal-kurz-37ccd54637?fbclid=PAZXh0bgNhZW0CMTEAAadt-Ebhi0kNqufrXGQMTnz1-tgnXdrw9AtbFIxk3ZtroAoxZML9nlOGocpqzQ_aem_l5PnZFCtWRPDra5s1vPbaA\">&#8220;Schmerzen als t\u00e4glicher Begleiter&#8221;<\/a><\/p>\n\n\n\n<p class=\"has-text-align-center\"> 4. Mai 2023: <a href=\"https:\/\/rausgegangen.de\/events\/wart-mal-kurz-thema-heute-die-welt-der-quantenkryptographie--0\/\" data-type=\"URL\" data-id=\"https:\/\/rausgegangen.de\/events\/wart-mal-kurz-thema-heute-die-welt-der-quantenkryptographie--0\/\">&#8220;Die Welt der Quantenkryptographie&#8221;<\/a><\/p>\n\n\n\n<p class=\"has-text-align-center\">6. April 2023: <a href=\"https:\/\/rausgegangen.de\/events\/wart-mal-kurz-thema-heute-schone-neue-moderne-arbeitswelt-ei-0\/\">&#8220;Sch\u00f6ne, neue, moderne Arbeitswelt?&#8221;<\/a><\/p>\n\n\n\n<p class=\"has-text-align-center\">2. M\u00e4rz 2023: <a href=\"https:\/\/rausgegangen.de\/events\/wart-mal-kurz-thema-heute-essay-uber-einen-feministischen-po-0\/\">&#8220;Essay \u00fcber einen feministischen Pornoabend&#8221;<\/a><\/p>\n\n\n\n<p class=\"has-text-align-center\">2. Februar 2023: <a href=\"https:\/\/rausgegangen.de\/events\/wart-mal-kurz-eine-einladung-zum-innehalten-und-nachdenken-m-0\/\" data-type=\"URL\">&#8220;Liebe, Leiden- und Partnerschaft&#8221;<\/a><\/p>\n\n\n\n<h5 class=\"wp-block-heading\">2022<\/h5>\n\n\n\n<p>16.-18.12.22: Gruppenausstellung \u201eKunst.(er)z\u00e4hlt\u201c mit dem K\u00fcnstlerinnenduo <a href=\"http:\/\/www.rottzik.de\" data-type=\"URL\" data-id=\"www.rottzik.de\">rottzik<\/a>, Kunstraum &#8220;K\u00f6 106&#8221;, D\u00fcsseldorf. Live-Painting-Performance zum Thema &#8220;Analphabetismus unter Frauen&#8221;.<\/p>\n\n\n\n<p>26.-28.8.22: Kunstpunkte im Atelier <em><a href=\"http:\/\/www.kunstundtonic.de\">kunst+tonic<\/a><\/em>, D\u00fcsseldorf. <a href=\"https:\/\/www.instagram.com\/tv\/ChvFZ-cInjQ\/?utm_source=ig_web_copy_link\">Lesung und Performance \u201eLa Femme Inconnue\u201c- Die Unbekannte Frau<\/a>. Multimediale Darstellung mit Tonaufnahmen und Dias \u00fcber meine oberschlesische Urgro\u00dfmutter, die 13 Kinder zur Welt gebracht hat.<\/p>\n\n\n\n<p>Juni: Nacht der Museen im Atelier <em><a href=\"http:\/\/www.kunstundtonic.de\">kunst+tonic<\/a><\/em>, D\u00fcsseldorf<\/p>\n\n\n\n<p>26.3.22: Lesung bei der <a href=\"https:\/\/www.instagram.com\/pigeonhole_bibliothek\/\">Pigeonhole Bibliothek<\/a>, Neuer Kunstraum, Himmelgeister Str.107, D\u00fcsseldorf<\/p>\n\n\n\n<h5 class=\"wp-block-heading\">2021<\/h5>\n\n\n\n<p>Oktober: Start Art Week im Atelier <em><a href=\"http:\/\/www.kunstundtonic.de\">kunst+tonic<\/a><\/em>, D\u00fcsseldorf<\/p>\n\n\n\n<p>20.-22.8.21: Kunstpunkte im Atelier <em><a href=\"http:\/\/www.kunstundtonic.de\">kunst+tonic<\/a><\/em>, D\u00fcsseldorf. <a href=\"https:\/\/www.instagram.com\/tv\/CS1vhYyImBd\/?utm_source=ig_web_copy_link\">Performance mit der K\u00fcnstlerin Glenda Pink: die Geschichte eines Femizids im akademischen Umfeld.<\/a> Ausstellung zum Thema Femizide, Frauenfeindlichkeit und was Frauen im Job erleben.<\/p>\n\n\n\n<p>Mai: Ausstellung Freibad im NRW Forum, D\u00fcsseldorf<\/p>\n\n\n\n<h5 class=\"wp-block-heading\">2020<\/h5>\n\n\n\n<p>18.-20.9.20: Kunstpunkte im Atelier <em><a href=\"http:\/\/www.kunstundtonic.de\">kunst+tonic<\/a><\/em>, D\u00fcsseldorf<\/p>\n\n\n\n<h5 class=\"wp-block-heading\">2006<\/h5>\n\n\n\n<p>April: Fotografie-Ausstellung im Rahmen von D\u00fcsseldorf ist ARTig im Kunstraum, D\u00fcsseldorf<\/p>\n\n\n\n<h5 class=\"wp-block-heading\">2005<\/h5>\n\n\n\n<p>Juli: Ausstellung der Fotogruppe <em>Lichtgestalten<\/em> im Caf\u00e9 Museum, Passau<\/p>\n\n\n\n<div style=\"height:50px\" aria-hidden=\"true\" class=\"wp-block-spacer\"><\/div>\n\n\n\n<h4 class=\"wp-block-heading\">Preise<\/h4>\n\n\n\n<p>2005: Foto-Projekt f\u00fcr<strong> \u201e<\/strong>D\u00fcsseldorf ist ARTig\u201c der Vodafone Stiftung und der Stadt D\u00fcsseldorf unter der Betreuung der K\u00fcnstlerin&nbsp;<a href=\"http:\/\/www.galaxyon.net\/\">Nina Schmitz<\/a><\/p>\n","protected":false},"excerpt":{"rendered":"<p>Ausstellungen, Performances und weitere Termine 2026 18.4.26: Ausstellung im Rahmen der Nacht der K\u00fcnste im Atelier \u201ekunst+tonic\u201c, Brunnenstr. 35, D\u00fcsseldorf 11.4.26: Cph Zine Fest, Odense, D\u00e4nemark 20.3.26: &#8220;Poetry on Demand&#8221;, FzKKE e.V., K\u00f6lner Str.26, Euskirchen (im Rahmen der Finissage \u201eThe Silence of Thought\u201c von Claudia Clement) 2025 12.-14.9.25: Ausstellung bei den Kunstpunkten, Atelier kunst+tonic, D\u00fcsseldorf. [&hellip;]<\/p>\n","protected":false},"author":1,"featured_media":0,"parent":0,"menu_order":0,"comment_status":"closed","ping_status":"closed","template":"","meta":{"footnotes":""},"class_list":["post-137","page","type-page","status-publish","hentry"],"_links":{"self":[{"href":"https:\/\/sylviabratzik.de\/index.php\/wp-json\/wp\/v2\/pages\/137","targetHints":{"allow":["GET"]}}],"collection":[{"href":"https:\/\/sylviabratzik.de\/index.php\/wp-json\/wp\/v2\/pages"}],"about":[{"href":"https:\/\/sylviabratzik.de\/index.php\/wp-json\/wp\/v2\/types\/page"}],"author":[{"embeddable":true,"href":"https:\/\/sylviabratzik.de\/index.php\/wp-json\/wp\/v2\/users\/1"}],"replies":[{"embeddable":true,"href":"https:\/\/sylviabratzik.de\/index.php\/wp-json\/wp\/v2\/comments?post=137"}],"version-history":[{"count":33,"href":"https:\/\/sylviabratzik.de\/index.php\/wp-json\/wp\/v2\/pages\/137\/revisions"}],"predecessor-version":[{"id":1374,"href":"https:\/\/sylviabratzik.de\/index.php\/wp-json\/wp\/v2\/pages\/137\/revisions\/1374"}],"wp:attachment":[{"href":"https:\/\/sylviabratzik.de\/index.php\/wp-json\/wp\/v2\/media?parent=137"}],"curies":[{"name":"wp","href":"https:\/\/api.w.org\/{rel}","templated":true}]}}