{"id":47,"date":"2022-09-03T10:03:18","date_gmt":"2022-09-03T10:03:18","guid":{"rendered":"https:\/\/sylviabratzik.de\/?page_id=47"},"modified":"2025-10-11T13:58:09","modified_gmt":"2025-10-11T13:58:09","slug":"vita","status":"publish","type":"page","link":"https:\/\/sylviabratzik.de\/index.php\/vita\/","title":{"rendered":"Vita"},"content":{"rendered":"<div  id=\"jtg-1129\" class=\"modula modula-gallery modula-custom-grid\" data-config=\"{&quot;height&quot;:800,&quot;tabletHeight&quot;:800,&quot;mobileHeight&quot;:800,&quot;desktopHeight&quot;:800,&quot;enableTwitter&quot;:false,&quot;enableWhatsapp&quot;:false,&quot;enableFacebook&quot;:false,&quot;enablePinterest&quot;:false,&quot;enableLinkedin&quot;:false,&quot;enableEmail&quot;:false,&quot;randomFactor&quot;:0.5,&quot;type&quot;:&quot;custom-grid&quot;,&quot;columns&quot;:12,&quot;gutter&quot;:10,&quot;mobileGutter&quot;:10,&quot;tabletGutter&quot;:10,&quot;desktopGutter&quot;:10,&quot;enableResponsive&quot;:&quot;0&quot;,&quot;tabletColumns&quot;:2,&quot;mobileColumns&quot;:1,&quot;lazyLoad&quot;:0,&quot;lightboxOpts&quot;:{&quot;animated&quot;:true,&quot;Thumbs&quot;:{&quot;type&quot;:&quot;modern&quot;,&quot;showOnStart&quot;:false},&quot;Toolbar&quot;:{&quot;display&quot;:{&quot;right&quot;:[&quot;close&quot;]},&quot;enabled&quot;:true},&quot;Carousel&quot;:{&quot;Panzoom&quot;:{&quot;touch&quot;:true},&quot;infinite&quot;:false},&quot;keyboard&quot;:{&quot;Escape&quot;:&quot;close&quot;,&quot;Delete&quot;:&quot;close&quot;,&quot;Backspace&quot;:&quot;close&quot;,&quot;PageUp&quot;:false,&quot;PageDown&quot;:false,&quot;ArrowUp&quot;:false,&quot;ArrowDown&quot;:false,&quot;ArrowRight&quot;:false,&quot;ArrowLeft&quot;:false},&quot;touch&quot;:false,&quot;backdropClick&quot;:false,&quot;l10n&quot;:{&quot;CLOSE&quot;:&quot;Close&quot;,&quot;NEXT&quot;:&quot;Next&quot;,&quot;PREV&quot;:&quot;Previous&quot;,&quot;Error&quot;:&quot;The requested content cannot be loaded. Please try again later.&quot;,&quot;PLAY_START&quot;:&quot;Start slideshow&quot;,&quot;PLAY_STOP&quot;:&quot;Pause slideshow&quot;,&quot;FULL_SCREEN&quot;:&quot;Full screen&quot;,&quot;THUMBS&quot;:&quot;Thumbnails&quot;,&quot;DOWNLOAD&quot;:&quot;Download&quot;,&quot;SHARE&quot;:&quot;Share&quot;,&quot;ZOOM&quot;:&quot;Zoom&quot;,&quot;EMAIL&quot;:&quot;Here is the link to the image : %%image_link%% and this is the link to the gallery : %%gallery_link%%&quot;,&quot;MODAL&quot;:&quot;You can close this modal content with the ESC key&quot;,&quot;ERROR&quot;:&quot;Something Went Wrong, Please Try Again Later&quot;,&quot;IMAGE_ERROR&quot;:&quot;Image Not Found&quot;,&quot;ELEMENT_NOT_FOUND&quot;:&quot;HTML Element Not Found&quot;,&quot;AJAX_NOT_FOUND&quot;:&quot;Error Loading AJAX : Not Found&quot;,&quot;AJAX_FORBIDDEN&quot;:&quot;Error Loading AJAX : Forbidden&quot;,&quot;IFRAME_ERROR&quot;:&quot;Error Loading Page&quot;,&quot;TOGGLE_ZOOM&quot;:&quot;Toggle zoom level&quot;,&quot;TOGGLE_THUMBS&quot;:&quot;Toggle thumbnails&quot;,&quot;TOGGLE_SLIDESHOW&quot;:&quot;Toggle slideshow&quot;,&quot;TOGGLE_FULLSCREEN&quot;:&quot;Toggle full-screen mode&quot;},&quot;Images&quot;:{&quot;Panzoom&quot;:{&quot;maxScale&quot;:2}},&quot;mainClass&quot;:&quot;modula-fancybox-container modula-lightbox-jtg-1129&quot;,&quot;Html&quot;:{&quot;videoAutoplay&quot;:0,&quot;videoTpl&quot;:&quot;&lt;video class=\\&quot;fancybox__html5video\\&quot; controls muted playsinline controlsList controlsList=\\&quot;nodownload\\&quot; poster=\\&quot;{{poster}}\\&quot; src=\\&quot;{{src}}\\&quot; type=\\&quot;{{format}}\\&quot; &gt;  Sorry, your browser doesn&#039;t support embedded videos, &lt;a href=\\&quot;{{src}}\\&quot;&gt; download &lt;\\\/a&gt; and watch with your favorite video player! &lt;\\\/video&gt;&quot;}},&quot;inView&quot;:false,&quot;email_subject&quot;:&quot;Check out this awesome image !!&quot;,&quot;email_message&quot;:&quot;Here is the link to the image : %%image_link%% and this is the link to the gallery : %%gallery_link%%&quot;,&quot;lightbox&quot;:&quot;fancybox&quot;}\">\n\n\t\n\t<div  class=\"modula-items\">\n\t\t<div class=\"modula-item effect-pufrobo\" data-width=\"3\" data-height=\"6\" >\n\t<div class=\"modula-item-overlay\"><\/div>\n\n\t<div class=\"modula-item-content\">\n\n\t\t<a data-image-id=\"1130\" role=\"button\" tabindex=\"0\" rel=\"jtg-1129\" data-caption=\"\" aria-label=\"Open image in lightbox\" class=\"tile-inner modula-item-link\"><\/a><img loading=\"lazy\" decoding=\"async\" class=\"pic wp-image-1130\"  data-valign=\"middle\" data-halign=\"center\" alt=\"\" data-full=\"https:\/\/sylviabratzik.de\/wp-content\/uploads\/2025\/09\/VisitenkartenZine_Webseite.jpg\" title=\"VisitenkartenZine_Webseite\" crop=\"\" width=\"141\" height=\"300\" src=\"https:\/\/sylviabratzik.de\/wp-content\/uploads\/2025\/09\/VisitenkartenZine_Webseite-141x300.jpg\" data-src=\"https:\/\/sylviabratzik.de\/wp-content\/uploads\/2025\/09\/VisitenkartenZine_Webseite-141x300.jpg\" data-caption=\"\" srcset=\"https:\/\/sylviabratzik.de\/wp-content\/uploads\/2025\/09\/VisitenkartenZine_Webseite.jpg 1169w, https:\/\/sylviabratzik.de\/wp-content\/uploads\/2025\/09\/VisitenkartenZine_Webseite-141x300.jpg 141w, https:\/\/sylviabratzik.de\/wp-content\/uploads\/2025\/09\/VisitenkartenZine_Webseite-483x1024.jpg 483w, https:\/\/sylviabratzik.de\/wp-content\/uploads\/2025\/09\/VisitenkartenZine_Webseite-768x1629.jpg 768w, https:\/\/sylviabratzik.de\/wp-content\/uploads\/2025\/09\/VisitenkartenZine_Webseite-724x1536.jpg 724w, https:\/\/sylviabratzik.de\/wp-content\/uploads\/2025\/09\/VisitenkartenZine_Webseite-965x2048.jpg 965w\" sizes=\"auto, (max-width: 141px) 100vw, 141px\" \/>\n\t\t<div class=\"figc no-description\">\n\t\t\t<div class=\"figc-inner\">\n\t\t\t\t\t\t\t\t\t\t\t\t\t\t\t<\/div>\n\t\t<\/div>\n\n\t<\/div>\n\n<\/div><div class=\"modula-item effect-pufrobo\" data-width=\"3\" data-height=\"6\" >\n\t<div class=\"modula-item-overlay\"><\/div>\n\n\t<div class=\"modula-item-content\">\n\n\t\t<a data-image-id=\"1131\" role=\"button\" tabindex=\"0\" rel=\"jtg-1129\" data-caption=\"\" aria-label=\"Open image in lightbox\" class=\"tile-inner modula-item-link\"><\/a><img loading=\"lazy\" decoding=\"async\" class=\"pic wp-image-1131\"  data-valign=\"middle\" data-halign=\"center\" alt=\"\" data-full=\"https:\/\/sylviabratzik.de\/wp-content\/uploads\/2025\/09\/VisitenkartenZine_Webseite2.jpg\" title=\"VisitenkartenZine_Webseite2\" crop=\"\" width=\"141\" height=\"300\" src=\"https:\/\/sylviabratzik.de\/wp-content\/uploads\/2025\/09\/VisitenkartenZine_Webseite2-141x300.jpg\" data-src=\"https:\/\/sylviabratzik.de\/wp-content\/uploads\/2025\/09\/VisitenkartenZine_Webseite2-141x300.jpg\" data-caption=\"\" srcset=\"https:\/\/sylviabratzik.de\/wp-content\/uploads\/2025\/09\/VisitenkartenZine_Webseite2.jpg 1169w, https:\/\/sylviabratzik.de\/wp-content\/uploads\/2025\/09\/VisitenkartenZine_Webseite2-141x300.jpg 141w, https:\/\/sylviabratzik.de\/wp-content\/uploads\/2025\/09\/VisitenkartenZine_Webseite2-483x1024.jpg 483w, https:\/\/sylviabratzik.de\/wp-content\/uploads\/2025\/09\/VisitenkartenZine_Webseite2-768x1629.jpg 768w, https:\/\/sylviabratzik.de\/wp-content\/uploads\/2025\/09\/VisitenkartenZine_Webseite2-724x1536.jpg 724w, https:\/\/sylviabratzik.de\/wp-content\/uploads\/2025\/09\/VisitenkartenZine_Webseite2-965x2048.jpg 965w\" sizes=\"auto, (max-width: 141px) 100vw, 141px\" \/>\n\t\t<div class=\"figc no-description\">\n\t\t\t<div class=\"figc-inner\">\n\t\t\t\t\t\t\t\t\t\t\t\t\t\t\t<\/div>\n\t\t<\/div>\n\n\t<\/div>\n\n<\/div><div class=\"modula-item effect-pufrobo\" data-width=\"3\" data-height=\"6\" >\n\t<div class=\"modula-item-overlay\"><\/div>\n\n\t<div class=\"modula-item-content\">\n\n\t\t<a data-image-id=\"1132\" role=\"button\" tabindex=\"0\" rel=\"jtg-1129\" data-caption=\"\" aria-label=\"Open image in lightbox\" class=\"tile-inner modula-item-link\"><\/a><img loading=\"lazy\" decoding=\"async\" class=\"pic wp-image-1132\"  data-valign=\"middle\" data-halign=\"center\" alt=\"\" data-full=\"https:\/\/sylviabratzik.de\/wp-content\/uploads\/2025\/09\/VisitenkartenZine_Webseite3.jpg\" title=\"VisitenkartenZine_Webseite3\" crop=\"\" width=\"141\" height=\"300\" src=\"https:\/\/sylviabratzik.de\/wp-content\/uploads\/2025\/09\/VisitenkartenZine_Webseite3-141x300.jpg\" data-src=\"https:\/\/sylviabratzik.de\/wp-content\/uploads\/2025\/09\/VisitenkartenZine_Webseite3-141x300.jpg\" data-caption=\"\" srcset=\"https:\/\/sylviabratzik.de\/wp-content\/uploads\/2025\/09\/VisitenkartenZine_Webseite3.jpg 1169w, https:\/\/sylviabratzik.de\/wp-content\/uploads\/2025\/09\/VisitenkartenZine_Webseite3-141x300.jpg 141w, https:\/\/sylviabratzik.de\/wp-content\/uploads\/2025\/09\/VisitenkartenZine_Webseite3-483x1024.jpg 483w, https:\/\/sylviabratzik.de\/wp-content\/uploads\/2025\/09\/VisitenkartenZine_Webseite3-768x1629.jpg 768w, https:\/\/sylviabratzik.de\/wp-content\/uploads\/2025\/09\/VisitenkartenZine_Webseite3-724x1536.jpg 724w, https:\/\/sylviabratzik.de\/wp-content\/uploads\/2025\/09\/VisitenkartenZine_Webseite3-965x2048.jpg 965w\" sizes=\"auto, (max-width: 141px) 100vw, 141px\" \/>\n\t\t<div class=\"figc no-description\">\n\t\t\t<div class=\"figc-inner\">\n\t\t\t\t\t\t\t\t\t\t\t\t\t\t\t<\/div>\n\t\t<\/div>\n\n\t<\/div>\n\n<\/div><div class=\"modula-item effect-pufrobo\" data-width=\"2\" data-height=\"2\" >\n\t<div class=\"modula-item-overlay\"><\/div>\n\n\t<div class=\"modula-item-content\">\n\n\t\t<a data-image-id=\"1133\" role=\"button\" tabindex=\"0\" rel=\"jtg-1129\" data-caption=\"\" aria-label=\"Open image in lightbox\" class=\"tile-inner modula-item-link\"><\/a><img loading=\"lazy\" decoding=\"async\" class=\"pic wp-image-1133\"  data-valign=\"middle\" data-halign=\"center\" alt=\"\" data-full=\"https:\/\/sylviabratzik.de\/wp-content\/uploads\/2025\/09\/VisitenkartenZine_Webseite4.jpg\" title=\"VisitenkartenZine_Webseite4\" crop=\"\" width=\"141\" height=\"300\" src=\"https:\/\/sylviabratzik.de\/wp-content\/uploads\/2025\/09\/VisitenkartenZine_Webseite4-141x300.jpg\" data-src=\"https:\/\/sylviabratzik.de\/wp-content\/uploads\/2025\/09\/VisitenkartenZine_Webseite4-141x300.jpg\" data-caption=\"\" srcset=\"https:\/\/sylviabratzik.de\/wp-content\/uploads\/2025\/09\/VisitenkartenZine_Webseite4.jpg 1169w, https:\/\/sylviabratzik.de\/wp-content\/uploads\/2025\/09\/VisitenkartenZine_Webseite4-141x300.jpg 141w, https:\/\/sylviabratzik.de\/wp-content\/uploads\/2025\/09\/VisitenkartenZine_Webseite4-483x1024.jpg 483w, https:\/\/sylviabratzik.de\/wp-content\/uploads\/2025\/09\/VisitenkartenZine_Webseite4-768x1629.jpg 768w, https:\/\/sylviabratzik.de\/wp-content\/uploads\/2025\/09\/VisitenkartenZine_Webseite4-724x1536.jpg 724w, https:\/\/sylviabratzik.de\/wp-content\/uploads\/2025\/09\/VisitenkartenZine_Webseite4-965x2048.jpg 965w\" sizes=\"auto, (max-width: 141px) 100vw, 141px\" \/>\n\t\t<div class=\"figc no-description\">\n\t\t\t<div class=\"figc-inner\">\n\t\t\t\t\t\t\t\t\t\t\t\t\t\t\t<\/div>\n\t\t<\/div>\n\n\t<\/div>\n\n<\/div><div class=\"modula-item effect-pufrobo\" data-width=\"2\" data-height=\"2\" >\n\t<div class=\"modula-item-overlay\"><\/div>\n\n\t<div class=\"modula-item-content\">\n\n\t\t<a data-image-id=\"1134\" role=\"button\" tabindex=\"0\" rel=\"jtg-1129\" data-caption=\"\" aria-label=\"Open image in lightbox\" class=\"tile-inner modula-item-link\"><\/a><img loading=\"lazy\" decoding=\"async\" class=\"pic wp-image-1134\"  data-valign=\"middle\" data-halign=\"center\" alt=\"\" data-full=\"https:\/\/sylviabratzik.de\/wp-content\/uploads\/2025\/09\/VisitenkartenZine_Webseite5.jpg\" title=\"VisitenkartenZine_Webseite5\" crop=\"\" width=\"141\" height=\"300\" src=\"https:\/\/sylviabratzik.de\/wp-content\/uploads\/2025\/09\/VisitenkartenZine_Webseite5-141x300.jpg\" data-src=\"https:\/\/sylviabratzik.de\/wp-content\/uploads\/2025\/09\/VisitenkartenZine_Webseite5-141x300.jpg\" data-caption=\"\" srcset=\"https:\/\/sylviabratzik.de\/wp-content\/uploads\/2025\/09\/VisitenkartenZine_Webseite5.jpg 1169w, https:\/\/sylviabratzik.de\/wp-content\/uploads\/2025\/09\/VisitenkartenZine_Webseite5-141x300.jpg 141w, https:\/\/sylviabratzik.de\/wp-content\/uploads\/2025\/09\/VisitenkartenZine_Webseite5-483x1024.jpg 483w, https:\/\/sylviabratzik.de\/wp-content\/uploads\/2025\/09\/VisitenkartenZine_Webseite5-768x1629.jpg 768w, https:\/\/sylviabratzik.de\/wp-content\/uploads\/2025\/09\/VisitenkartenZine_Webseite5-724x1536.jpg 724w, https:\/\/sylviabratzik.de\/wp-content\/uploads\/2025\/09\/VisitenkartenZine_Webseite5-965x2048.jpg 965w\" sizes=\"auto, (max-width: 141px) 100vw, 141px\" \/>\n\t\t<div class=\"figc no-description\">\n\t\t\t<div class=\"figc-inner\">\n\t\t\t\t\t\t\t\t\t\t\t\t\t\t\t<\/div>\n\t\t<\/div>\n\n\t<\/div>\n\n<\/div><div class=\"modula-item effect-pufrobo\" data-width=\"2\" data-height=\"2\" >\n\t<div class=\"modula-item-overlay\"><\/div>\n\n\t<div class=\"modula-item-content\">\n\n\t\t<a data-image-id=\"1135\" role=\"button\" tabindex=\"0\" rel=\"jtg-1129\" data-caption=\"\" aria-label=\"Open image in lightbox\" class=\"tile-inner modula-item-link\"><\/a><img loading=\"lazy\" decoding=\"async\" class=\"pic wp-image-1135\"  data-valign=\"middle\" data-halign=\"center\" alt=\"\" data-full=\"https:\/\/sylviabratzik.de\/wp-content\/uploads\/2025\/09\/VisitenkartenZine_Webseite6.jpg\" title=\"VisitenkartenZine_Webseite6\" crop=\"\" width=\"141\" height=\"300\" src=\"https:\/\/sylviabratzik.de\/wp-content\/uploads\/2025\/09\/VisitenkartenZine_Webseite6-141x300.jpg\" data-src=\"https:\/\/sylviabratzik.de\/wp-content\/uploads\/2025\/09\/VisitenkartenZine_Webseite6-141x300.jpg\" data-caption=\"\" srcset=\"https:\/\/sylviabratzik.de\/wp-content\/uploads\/2025\/09\/VisitenkartenZine_Webseite6.jpg 1169w, https:\/\/sylviabratzik.de\/wp-content\/uploads\/2025\/09\/VisitenkartenZine_Webseite6-141x300.jpg 141w, https:\/\/sylviabratzik.de\/wp-content\/uploads\/2025\/09\/VisitenkartenZine_Webseite6-483x1024.jpg 483w, https:\/\/sylviabratzik.de\/wp-content\/uploads\/2025\/09\/VisitenkartenZine_Webseite6-768x1629.jpg 768w, https:\/\/sylviabratzik.de\/wp-content\/uploads\/2025\/09\/VisitenkartenZine_Webseite6-724x1536.jpg 724w, https:\/\/sylviabratzik.de\/wp-content\/uploads\/2025\/09\/VisitenkartenZine_Webseite6-965x2048.jpg 965w\" sizes=\"auto, (max-width: 141px) 100vw, 141px\" \/>\n\t\t<div class=\"figc no-description\">\n\t\t\t<div class=\"figc-inner\">\n\t\t\t\t\t\t\t\t\t\t\t\t\t\t\t<\/div>\n\t\t<\/div>\n\n\t<\/div>\n\n<\/div>\t\t\n\t<\/div>\n\n\t\n\t\n\t<script type=\"application\/ld+json\">\n\t{\n\t\t\"@context\": \"http:\/\/schema.org\",\n\t\t\"@type\"   : \"ImageGallery\",\n\t\t\"id\"      : \"https:\/\/sylviabratzik.de\/index.php\/vita\/\",\n\t\t\"url\"     : \"https:\/\/sylviabratzik.de\/index.php\/vita\/\"\n\t}\n\n\t<\/script>\n\n\t\n<\/div>\n\n\n\n<p>Im Jahr 1985 wurde ich als &#8220;Sylwia Marta Bracik&#8221; in \u015awi\u0119toch\u0142owice, Polen, geboren. Meine Eltern entschlossen sich 1989 nach Deutschland als sogenannte <em><a href=\"https:\/\/de.wikipedia.org\/wiki\/Aussiedler_und_Sp%C3%A4taussiedler\">Aussiedlerdeutsche<\/a><\/em> zu emigrieren. Von nun an wurde aus Sylwia Marta Bracik die Krefelderin Sylvia Marta Bratzik.<\/p>\n\n\n\n<p>Das Thema Heimat und Herkunft besch\u00e4ftigt mich sehr, im Jahr 2007 habe ich zum ersten Mal die St\u00e4tten meiner Vorfahren f\u00fcr die Fotoserie <a href=\"https:\/\/sylviabratzik.de\/index.php\/fotografien\/\" data-type=\"page\" data-id=\"6\">&#8220;Polska, Ojczyzno moja&#8221;<\/a> besucht. Des Weiteren betreibe ich Stammbaumforschung und habe mich durch unz\u00e4hlige Kirchenb\u00fccher geklickt um meine Vorfahren zu erforschen. Z.B. habe ich herausgefunden, dass ein Vorfahre im 19. Jahrhundert als Tierarzt f\u00fcr den <a href=\"https:\/\/de.wikipedia.org\/wiki\/Adolf_zu_Hohenlohe-Ingelfingen\" data-type=\"URL\" data-id=\"https:\/\/de.wikipedia.org\/wiki\/Adolf_zu_Hohenlohe-Ingelfingen\">Prinzen Adolf zu Hohenlohe-Ingelfingen<\/a> auf dem Schlo\u00df in Kosz\u0119cin (dtsch. Koschentin) gearbeitet hat.<\/p>\n\n\n\n<p>Mein Interesse f\u00fcr Sprachen und Kulturen f\u00fchrte mich nach meinen Abitur 2004 in das beschauliche Passau, wo ich das Studium &#8220;European Studies&#8221; begann, recht fr\u00fch aber merkte, dass mir die Logik und Mathematik fehlte (und das Rheinland), so dass es mich 2005 f\u00fcr ein Physikstudium nach D\u00fcsseldorf verschlug. Zuvor hatte ich mich in Passau der Fotogruppe &#8220;lichtgestalten&#8221; angeschlossen und meine erste Ausstellung im dortigen Caf\u00e9 Museum gehabt. An der Universit\u00e4t in D\u00fcsseldorf gab es eine Dunkelkammer, in der ich meine Kenntnisse aus Schulzeiten vertiefen konnte.<\/p>\n\n\n\n<p>Durch die Auswahl meines Projektes bei <a href=\"https:\/\/sylviabratzik.de\/index.php\/fotografien\/\" data-type=\"page\" data-id=\"6\">&#8220;D\u00fcsseldorf ist ARTig&#8221;<\/a> im Jahr 2005 (gestiftet von der Vodafone Stiftung), konnte ich dutzende Filme verschie\u00dfen und die Fotos dann f\u00fcr die Ausstellung im Kunstraum D\u00fcsseldorf auf Fotopapier abziehen. Mir war der Prozess von der Entwicklung und der Belichtung wichtig, ich mochte, dass das Bild auf einmal da war. Die K\u00fcnstlerin&nbsp;<a href=\"http:\/\/www.galaxyon.net\/\">Nina Schmitz<\/a> (Meistersch\u00fclerin der Becher-Klasse) hat uns damals betreut.<\/p>\n\n\n\n<p>Ich war auch Mitglied der dortigen Fotogruppe und schloss mich 2007 dem Allgemeinen Studierendenausschuss (AStA) der Heinrich-Heine-Universit\u00e4t an, wo ich als Referentin f\u00fcr \u00d6ffentlichkeitsarbeit angestellt war und als Redakteurin der Campus Delicti (Hochschulzeitung des AStA) Artikel zum Thema Hochschulpolitik und Soziales schrieb. Als meine Zeit aufgrund von Neuwahlen endete, wandte ich mich dem Konkurrenzmagazin &#8220;Oase Magazin&#8221; zu, dass kritisch \u00fcber die T\u00e4tigkeiten des AStA berichtete. Neben meiner schriftstellerischen T\u00e4tigkeit erstellte ich Videoclips zu Themen wie dem Filmfest oder den Kunstpunkten.<\/p>\n\n\n\n<p>2010 widmete ich mich meiner Leidenschaft Singen und trat dem Unichor D\u00fcsseldorf bei zu dessen Pr\u00e4sidentin des neu gegr\u00fcndeten e.V. ich wurde.<\/p>\n\n\n\n<p>Als frisch promovierte Dr. rer. nat. Sylvia Bratzik (im Bereich Quantenkryptographie) verlie\u00df ich 2014 die Universit\u00e4t um als IT-Beraterin um die Welt zu reisen. Diese T\u00e4tigkeit gab ich zugunsten eines Jobs bei einer Bank in D\u00fcsseldorf 2018 auf. <\/p>\n\n\n\n<p>Die Leidenschaft zur Kreativit\u00e4t ist mir in den vielen Jahren nicht abhanden gekommen, schon damals, 2005, stellte ich mir die Frage, ob das Kunststudium f\u00fcr mich vielleicht das Richtige sei. Damals jedoch hatte ich bereits einen Studiengangswechsel hinter mir und es w\u00e4re mir dann kein Baf\u00f6g mehr bewilligt worden. Zum damaligen Zeitpunkt w\u00e4hlte ich Sicherheit \u00fcber Kreativit\u00e4t.<\/p>\n\n\n\n<p>Mit dem Coronajahr 2020 ergab sich f\u00fcr mich die M\u00f6glichkeit Mitglied des Gemeinschaftsateliers <em><a href=\"http:\/\/www.kunstundtonic.de\">kunst+tonic<\/a><\/em> zu werden, wo ich 2020 meine erste Ausstellung hatte. Zu der Ausstellung kamen bis dato drei Performances sowie die Gemeinschaftsarbeit mit der K\u00fcnstlerin <a href=\"http:\/\/www.lararottinghaus.com\" data-type=\"URL\" data-id=\"www.lararottinghaus.com\">Lara Rottinghaus<\/a> als Duo <em><a href=\"https:\/\/www.instagram.com\/rottzik\/\" data-type=\"URL\" data-id=\"https:\/\/www.instagram.com\/rottzik\/\">rottzik<\/a><\/em> hinzu. Im Jahr 2023 arbeitete ich kurzzeitig mit <a href=\"http:\/\/www.darkofloreani.de\" data-type=\"URL\" data-id=\"www.darkofloreani.de\">Darko Floreani<\/a> als <em><a href=\"https:\/\/www.instagram.com\/bratzeani\">Bratzeani<\/a><\/em> zusammen.<\/p>\n\n\n\n<p>Ich verlie\u00df die Angestelltenwelt im Fr\u00fchjahr 2022 um mich den mir brennenden Fragen zu widmen, was ich eigentlich im Leben m\u00f6chte und entschlo\u00df mich dann ein Jahr sp\u00e4ter den Schritt in die Selbstst\u00e4ndigkeit zu wagen. Ich wollte selbst \u00fcber meine Zeit und meine T\u00e4tigkeiten bestimmen (was mir anfangs nicht so gut gelang), aber es ist ein Prozess und ich werde darin immer besser.<\/p>\n\n\n\n<p>Die letzten Jahre haben mir immer deutlicher gezeigt, was ich im Leben m\u00f6chte. Und meine Welt sieht gerade nicht 9-5 von Mo-Fr in einem B\u00fcro vor. Ich m\u00f6chte mich mit meinen Ideen und Gedanken ausleben und diese zu der Zeit ausf\u00fchren, wann ich es m\u00f6chte. Ich m\u00f6chte mein Leben mehr genie\u00dfen und auskosten und mich mehr treiben lassen. <\/p>\n\n\n\n<p>Seit dem 1.7.25 lebe ich in einem k\u00fcnstlerischen Sabbatical und m\u00f6chte mir ein Jahr Zeit nehmen, um meinen k\u00fcnstlerischen Weg konzentrierter und fokussierter angehen zu k\u00f6nnen. Seit zwei Jahren stelle ich Zines her und im Juni 2025 war ich zum ersten Mal mit einem Zine-Stand in Bochum bei der Bobiennale vertreten. Jenni Kosche von zines.cool hat mich in ihrem Podcast <a href=\"https:\/\/zines.cool\/2025\/06\/01\/08-ueber-zines-und-leidenschaften-mit-sylvia-bratzik-zines-fm\/\">Zines.fm<\/a> interviewt. Auch in der darauffolgenden <a href=\"https:\/\/zines.cool\/2025\/06\/15\/09-zine-screen-vol-03-zines-fm\/\">Folge<\/a> werden zwei Arbeiten von mir besprochen. So wertsch\u00e4tzend und wundervoll, dass ich fast ein Tr\u00e4nchen vergie\u00dfen musste, als ich es h\u00f6rte! Dann war ich so in Podcastfieber, dass ich mich bei Julian Kenk meldete, der bei Instagram einen Aufruf gestartet hat und G\u00e4ste f\u00fcr seinen Podcast gesucht hat. Er kam an einem warmen Junitag zu mir nach Hause und wir filmten uns beim Reden \u00fcber das Leben:<\/p>\n\n\n\n<figure class=\"wp-block-embed is-type-video is-provider-youtube wp-block-embed-youtube wp-embed-aspect-16-9 wp-has-aspect-ratio\"><div class=\"wp-block-embed__wrapper\">\n<iframe loading=\"lazy\" title=\"Deep-Talk mit Sylvia Bratzik \u00fcber Kunst und das Lebensgl\u00fcck\" width=\"500\" height=\"281\" src=\"https:\/\/www.youtube.com\/embed\/wFpytRcAxKc?feature=oembed\" frameborder=\"0\" allow=\"accelerometer; autoplay; clipboard-write; encrypted-media; gyroscope; picture-in-picture; web-share\" referrerpolicy=\"strict-origin-when-cross-origin\" allowfullscreen><\/iframe>\n<\/div><figcaption class=\"wp-element-caption\">Bei mir im Wohnzimmer hat Julian Kenk von Tour de Kenk und Stadtfreunde eine Podcastfolge aufgenommen (Juni 2025)<\/figcaption><\/figure>\n\n\n\n<p>The journey continues&#8230;<\/p>\n\n\n\n<hr class=\"wp-block-separator has-alpha-channel-opacity\"\/>\n","protected":false},"excerpt":{"rendered":"<p>Im Jahr 1985 wurde ich als &#8220;Sylwia Marta Bracik&#8221; in \u015awi\u0119toch\u0142owice, Polen, geboren. Meine Eltern entschlossen sich 1989 nach Deutschland als sogenannte Aussiedlerdeutsche zu emigrieren. Von nun an wurde aus Sylwia Marta Bracik die Krefelderin Sylvia Marta Bratzik. Das Thema Heimat und Herkunft besch\u00e4ftigt mich sehr, im Jahr 2007 habe ich zum ersten Mal die [&hellip;]<\/p>\n","protected":false},"author":1,"featured_media":48,"parent":0,"menu_order":0,"comment_status":"closed","ping_status":"closed","template":"","meta":{"footnotes":""},"class_list":["post-47","page","type-page","status-publish","has-post-thumbnail","hentry"],"_links":{"self":[{"href":"https:\/\/sylviabratzik.de\/index.php\/wp-json\/wp\/v2\/pages\/47","targetHints":{"allow":["GET"]}}],"collection":[{"href":"https:\/\/sylviabratzik.de\/index.php\/wp-json\/wp\/v2\/pages"}],"about":[{"href":"https:\/\/sylviabratzik.de\/index.php\/wp-json\/wp\/v2\/types\/page"}],"author":[{"embeddable":true,"href":"https:\/\/sylviabratzik.de\/index.php\/wp-json\/wp\/v2\/users\/1"}],"replies":[{"embeddable":true,"href":"https:\/\/sylviabratzik.de\/index.php\/wp-json\/wp\/v2\/comments?post=47"}],"version-history":[{"count":14,"href":"https:\/\/sylviabratzik.de\/index.php\/wp-json\/wp\/v2\/pages\/47\/revisions"}],"predecessor-version":[{"id":1235,"href":"https:\/\/sylviabratzik.de\/index.php\/wp-json\/wp\/v2\/pages\/47\/revisions\/1235"}],"wp:featuredmedia":[{"embeddable":true,"href":"https:\/\/sylviabratzik.de\/index.php\/wp-json\/wp\/v2\/media\/48"}],"wp:attachment":[{"href":"https:\/\/sylviabratzik.de\/index.php\/wp-json\/wp\/v2\/media?parent=47"}],"curies":[{"name":"wp","href":"https:\/\/api.w.org\/{rel}","templated":true}]}}