{"id":557,"date":"2023-01-17T10:48:43","date_gmt":"2023-01-17T10:48:43","guid":{"rendered":"https:\/\/sylviabratzik.de\/?page_id=557"},"modified":"2026-01-13T10:34:35","modified_gmt":"2026-01-13T10:34:35","slug":"it-beratung","status":"publish","type":"page","link":"https:\/\/sylviabratzik.de\/index.php\/it-beratung\/","title":{"rendered":"IT-Beratung"},"content":{"rendered":"\n<p>Ich helfe euch gerne bei diversen (Computer-)Problemen :). Ich arbeite mich gerne in neue Themenfelder ein, f\u00fcr mich gibt es (fast) nichts, was ich mir nicht beibringen kann.<\/p>\n\n\n\n<p>Sprecht mich einfach an.<\/p>\n\n\n\n<p>Fachlich habe ich mich seit 2014 in der SAP-Welt im Bereich Reporting f\u00fcr die Finanzbranche getummelt, dort habe ich neben meiner T\u00e4tigkeit als IT-Spezialistin auch Projektmanagement gemacht (ich habe eine IPMA-Zertifizierung Level D).<\/p>\n\n\n\n<p>Gerne arbeite ich sehr eigenverantwortlich und optimiere bestehende Prozesse.<\/p>\n\n\n\n<p>Hier eine Aufz\u00e4hlung meiner Skills:<\/p>\n\n\n\n<ul class=\"wp-block-list\">\n<li><strong>SAP BusinessObjects BI Plattform<\/strong> (Reporting Platform)\n<ul class=\"wp-block-list\">\n<li>Einf\u00fchrung der Anwendung<\/li>\n\n\n\n<li>Betreuung, Wartung und Weiterentwicklung<\/li>\n\n\n\n<li>Kommunikation mit SAP bzgl. Bugs- und Weiterentwicklung des Produkts<\/li>\n<\/ul>\n<\/li>\n\n\n\n<li><strong>SAP BusinessObjects Analysis for Excel<\/strong> (Excel-basiertes Reporting Tool)\n<ul class=\"wp-block-list\">\n<li>Einf\u00fchrung der Anwendung und Abl\u00f6sung des SAP BEx Analyzers<\/li>\n\n\n\n<li>Training der UserInnen sowie Mithilfe bei Erstellung der Trainingsunterlagen<\/li>\n\n\n\n<li>First Level Support<\/li>\n\n\n\n<li>technische Analyse und Problembehebung<\/li>\n\n\n\n<li>Einspielen von Support Packages, Koordination von Tests und unternehmensweitem Roll-Out\n<ul class=\"wp-block-list\">\n<li><\/li>\n<\/ul>\n<\/li>\n<\/ul>\n<\/li>\n\n\n\n<li><strong>Entwicklungsumgebungen<\/strong>\n<ul class=\"wp-block-list\">\n<li>SAP HANA Studio (Entwicklung von SAP HANA Views)<\/li>\n\n\n\n<li>BW Modeling Tools<\/li>\n\n\n\n<li>BEx Query Designer<\/li>\n\n\n\n<li>SAP Netweaver 7.5 BW on HANA \/ BW\\4HANA<\/li>\n<\/ul>\n<\/li>\n\n\n\n<li><strong>Programmiersprachen<\/strong>\n<ul class=\"wp-block-list\">\n<li>SQL<\/li>\n\n\n\n<li>SQL-Script for HANA<\/li>\n\n\n\n<li>VBA<\/li>\n\n\n\n<li>ABAP<\/li>\n<\/ul>\n<\/li>\n\n\n\n<li><strong>Anwendungen<\/strong>\n\n\n<ul class=\"wp-block-list\">\n<li>SAP Business Warehouse<\/li>\n\n\n\n<li>SAP Liquidity Risk Management (LRM)\n<ul class=\"wp-block-list\">\n<li>mehrere mehrj\u00e4hrige internationale Einf\u00fchrungsprojekte, Entwicklerin sowie Koordination der Entwicklungen\/Bugs als IT-Beraterin zw. Kunden und Off-Shore Team bzw. Entwicklerteam bei SAP)<\/li>\n<\/ul>\n<\/li>\n<\/ul>\n\n\n\n<ul class=\"wp-block-list\">\n<li>SAP Solution Manager<\/li>\n\n\n\n<li>HP ALM<\/li>\n\n\n\n<li>MS OFFICE\n<ul class=\"wp-block-list\">\n<li>Excel, PowerPoint, Word, Access, Project<\/li>\n\n\n\n<li>SharePoint: als KeyUserin, d.h. Ansprechpartnerin f\u00fcr techn. Fragestellungen als auch Berechtigungen<\/li>\n<\/ul>\n<\/li>\n<\/ul>\n<\/li>\n\n\n\n<li><strong>Webdesign<\/strong>\n<ul class=\"wp-block-list\">\n<li>Frontend und Backend: Installation der Anwendung, Aufbau von Internetseiten<\/li>\n<\/ul>\n<\/li>\n\n\n\n<li><strong>Business Skills<\/strong>\n<ul class=\"wp-block-list\">\n<li>Fortbildung Business Analyst (BABOK)<\/li>\n\n\n\n<li>Zertifizierte Projektmanagement-Fachfrau (GPM), IPMA Level D<\/li>\n\n\n\n<li>gutes Verst\u00e4ndnis von Bank-Produkten sowie derer Gesch\u00e4ftsprozesse, inhaltliches Verst\u00e4ndnis vom bankweiten Controlling und Planungs- und Hochrechnungsprozessen<\/li>\n<\/ul>\n<\/li>\n\n\n\n<li><strong>Sprachkenntnisse<\/strong>\n\n\n<ul class=\"wp-block-list\">\n<li>Deutsch (Muttersprache)<\/li>\n\n\n\n<li>Polnisch (flie\u00dfend)<\/li>\n\n\n\n<li>Englisch (verhandlungssicher, Zertifikat Business English B2.2)<\/li>\n\n\n\n<li>Franz\u00f6sisch (fortgeschrittene Kenntnisse, Zertifikat Niveau B2 (Avanc\u00e9) C.E.C.R.,)<\/li>\n<\/ul>\n\n\n\n<ul class=\"wp-block-list\">\n<li>Spanisch (fortgeschrittene Kenntnisse)<\/li>\n<\/ul>\n<\/li>\n<\/ul>\n","protected":false},"excerpt":{"rendered":"<p>Ich helfe euch gerne bei diversen (Computer-)Problemen :). Ich arbeite mich gerne in neue Themenfelder ein, f\u00fcr mich gibt es (fast) nichts, was ich mir nicht beibringen kann. Sprecht mich einfach an. Fachlich habe ich mich seit 2014 in der SAP-Welt im Bereich Reporting f\u00fcr die Finanzbranche getummelt, dort habe ich neben meiner T\u00e4tigkeit als [&hellip;]<\/p>\n","protected":false},"author":1,"featured_media":0,"parent":0,"menu_order":0,"comment_status":"closed","ping_status":"closed","template":"","meta":{"footnotes":""},"class_list":["post-557","page","type-page","status-publish","hentry"],"_links":{"self":[{"href":"https:\/\/sylviabratzik.de\/index.php\/wp-json\/wp\/v2\/pages\/557","targetHints":{"allow":["GET"]}}],"collection":[{"href":"https:\/\/sylviabratzik.de\/index.php\/wp-json\/wp\/v2\/pages"}],"about":[{"href":"https:\/\/sylviabratzik.de\/index.php\/wp-json\/wp\/v2\/types\/page"}],"author":[{"embeddable":true,"href":"https:\/\/sylviabratzik.de\/index.php\/wp-json\/wp\/v2\/users\/1"}],"replies":[{"embeddable":true,"href":"https:\/\/sylviabratzik.de\/index.php\/wp-json\/wp\/v2\/comments?post=557"}],"version-history":[{"count":4,"href":"https:\/\/sylviabratzik.de\/index.php\/wp-json\/wp\/v2\/pages\/557\/revisions"}],"predecessor-version":[{"id":1261,"href":"https:\/\/sylviabratzik.de\/index.php\/wp-json\/wp\/v2\/pages\/557\/revisions\/1261"}],"wp:attachment":[{"href":"https:\/\/sylviabratzik.de\/index.php\/wp-json\/wp\/v2\/media?parent=557"}],"curies":[{"name":"wp","href":"https:\/\/api.w.org\/{rel}","templated":true}]}}